{"id":179,"date":"2023-11-02T11:38:49","date_gmt":"2023-11-02T10:38:49","guid":{"rendered":"http:\/\/icf.com.ve\/web\/?page_id=179"},"modified":"2023-11-02T11:49:44","modified_gmt":"2023-11-02T10:49:44","slug":"acreditacion-de-programas","status":"publish","type":"page","link":"http:\/\/icf.com.ve\/web\/acreditacion-de-programas\/","title":{"rendered":"Acreditaci\u00f3n de Programas"},"content":{"rendered":"\t\t<div data-elementor-type=\"wp-page\" data-elementor-id=\"179\" class=\"elementor elementor-179\" data-elementor-post-type=\"page\">\n\t\t\t\t<div class=\"elementor-element elementor-element-6498ecd e-flex e-con-boxed e-con e-parent\" data-id=\"6498ecd\" data-element_type=\"container\" data-settings=\"{&quot;background_background&quot;:&quot;classic&quot;}\">\n\t\t\t\t\t<div class=\"e-con-inner\">\n\t\t\t\t<div class=\"elementor-element elementor-element-c1dc652 elementor-widget elementor-widget-heading\" data-id=\"c1dc652\" data-element_type=\"widget\" data-widget_type=\"heading.default\">\n\t\t\t\t<div class=\"elementor-widget-container\">\n\t\t\t\t\t<h2 class=\"elementor-heading-title elementor-size-default\">Acreditaci\u00f3n de Programas<\/h2>\t\t\t\t<\/div>\n\t\t\t\t<\/div>\n\t\t\t\t\t<\/div>\n\t\t\t\t<\/div>\n\t\t<div class=\"elementor-element elementor-element-cb87927 e-flex e-con-boxed e-con e-parent\" data-id=\"cb87927\" data-element_type=\"container\">\n\t\t\t\t\t<div class=\"e-con-inner\">\n\t\t<div class=\"elementor-element elementor-element-a438e2f e-flex e-con-boxed e-con e-child\" data-id=\"a438e2f\" data-element_type=\"container\">\n\t\t\t\t\t<div class=\"e-con-inner\">\n\t\t\t\t<div class=\"elementor-element elementor-element-b4cd7f3 elementor-widget elementor-widget-heading\" data-id=\"b4cd7f3\" data-element_type=\"widget\" data-widget_type=\"heading.default\">\n\t\t\t\t<div class=\"elementor-widget-container\">\n\t\t\t\t\t<h2 class=\"elementor-heading-title elementor-size-default\">Programa Acreditado de Formaci\u00f3n en Coaching (ACTP)<\/h2>\t\t\t\t<\/div>\n\t\t\t\t<\/div>\n\t\t\t\t<div class=\"elementor-element elementor-element-d0ab5fd elementor-widget elementor-widget-image\" data-id=\"d0ab5fd\" data-element_type=\"widget\" data-widget_type=\"image.default\">\n\t\t\t\t<div class=\"elementor-widget-container\">\n\t\t\t\t\t\t\t\t\t\t\t\t\t\t\t<img decoding=\"async\" width=\"156\" height=\"97\" src=\"https:\/\/icf.com.ve\/web\/wp-content\/uploads\/2023\/11\/ACTP.png\" class=\"attachment-large size-large wp-image-184\" alt=\"\" \/>\t\t\t\t\t\t\t\t\t\t\t\t\t\t\t<\/div>\n\t\t\t\t<\/div>\n\t\t\t\t\t<\/div>\n\t\t\t\t<\/div>\n\t\t\t\t<div class=\"elementor-element elementor-element-bd06576 elementor-widget elementor-widget-text-editor\" data-id=\"bd06576\" data-element_type=\"widget\" data-widget_type=\"text-editor.default\">\n\t\t\t\t<div class=\"elementor-widget-container\">\n\t\t\t\t\t\t\t\t\t<p>La acreditaci\u00f3n de un programa de formaci\u00f3n en coaching (ACTP por las siglas en ingl\u00e9s de \u00ab&#8216;Accredited Coaching Training Program&#8217;) est\u00e1 dirigida a<br \/>organizaciones proveedoras de formaci\u00f3n que estan interesados en que su programa de formaci\u00f3n est\u00e9 acreditado por la ICF.<\/p><p>Los programas con acreditaci\u00f3n ACTP son considerados programas de entrenamiento &#8216;\u00bbtodo incluido**, ya que ofrecen formaci\u00f3n integral como coach, de principio a fin. Requieren de un m\u00ednimo de 125 horas presenciales, mentor\u00eda en coaching y evaluaci\u00f3n de desempe\u00f1o.<\/p><p>Los coaches certificados de un programa ACTP podr\u00e1n aplicar a las credenciales ACC y PCC por medio de un procedimiento especial creado para este fin,<br \/>siempre que cumplan con los requisitos para la obtencion de cada credencial.<\/p>\t\t\t\t\t\t\t\t<\/div>\n\t\t\t\t<\/div>\n\t\t<div class=\"elementor-element elementor-element-1981a9f e-flex e-con-boxed e-con e-child\" data-id=\"1981a9f\" data-element_type=\"container\">\n\t\t\t\t\t<div class=\"e-con-inner\">\n\t\t\t\t<div class=\"elementor-element elementor-element-69ca6e2 elementor-widget elementor-widget-heading\" data-id=\"69ca6e2\" data-element_type=\"widget\" data-widget_type=\"heading.default\">\n\t\t\t\t<div class=\"elementor-widget-container\">\n\t\t\t\t\t<h2 class=\"elementor-heading-title elementor-size-default\">Horas de Formaci\u00f3n Espec\u00edfica Aprobadas (ACSTH)<\/h2>\t\t\t\t<\/div>\n\t\t\t\t<\/div>\n\t\t\t\t<div class=\"elementor-element elementor-element-a3a699a elementor-widget elementor-widget-image\" data-id=\"a3a699a\" data-element_type=\"widget\" data-widget_type=\"image.default\">\n\t\t\t\t<div class=\"elementor-widget-container\">\n\t\t\t\t\t\t\t\t\t\t\t\t\t\t\t<img decoding=\"async\" width=\"159\" height=\"80\" src=\"https:\/\/icf.com.ve\/web\/wp-content\/uploads\/2023\/11\/ACSTH.png\" class=\"attachment-large size-large wp-image-185\" alt=\"\" \/>\t\t\t\t\t\t\t\t\t\t\t\t\t\t\t<\/div>\n\t\t\t\t<\/div>\n\t\t\t\t\t<\/div>\n\t\t\t\t<\/div>\n\t\t\t\t<div class=\"elementor-element elementor-element-f9783d9 elementor-widget elementor-widget-text-editor\" data-id=\"f9783d9\" data-element_type=\"widget\" data-widget_type=\"text-editor.default\">\n\t\t\t\t<div class=\"elementor-widget-container\">\n\t\t\t\t\t\t\t\t\t<p>La acreditaci\u00f3n de \u00ab&#8216;Horas de Formaci\u00f3n Especificas&#8217;* (ACSTH, por las siglas en ingl\u00e9s de \u00abApproved Coaching Specific Training Hours*) est\u00e1 dirigida a<br \/>organizaciones proveedoras de formaci\u00f3n interesadas en que sus programas de intrenamiento est\u00e9n acreditados por ICF.<\/p><p>Los programas acreditados ACSTH son considerados programas de entrenamiento \u00aba la carta\u00bb, pueden ser o no, programas integrales de formaci\u00f3n de coaches. Requieren un m\u00ednimo de 30 horas presenciales de formaci\u00f3n.<\/p><p>Los coaches certificados de un programa ACSTH podr\u00e1n aplicar a las credenciales ACC y PCC por medio de un procedimiento especial creado para este fin, siempre que cumplan con los requisitos para la obtencion de cada credencial.<\/p>\t\t\t\t\t\t\t\t<\/div>\n\t\t\t\t<\/div>\n\t\t<div class=\"elementor-element elementor-element-f1b401e e-flex e-con-boxed e-con e-child\" data-id=\"f1b401e\" data-element_type=\"container\">\n\t\t\t\t\t<div class=\"e-con-inner\">\n\t\t\t\t<div class=\"elementor-element elementor-element-94d1e49 elementor-widget elementor-widget-heading\" data-id=\"94d1e49\" data-element_type=\"widget\" data-widget_type=\"heading.default\">\n\t\t\t\t<div class=\"elementor-widget-container\">\n\t\t\t\t\t<h2 class=\"elementor-heading-title elementor-size-default\">Educaci\u00f3n Continua en Coaching (CCE)<\/h2>\t\t\t\t<\/div>\n\t\t\t\t<\/div>\n\t\t\t\t<div class=\"elementor-element elementor-element-8b2f85d elementor-widget elementor-widget-image\" data-id=\"8b2f85d\" data-element_type=\"widget\" data-widget_type=\"image.default\">\n\t\t\t\t<div class=\"elementor-widget-container\">\n\t\t\t\t\t\t\t\t\t\t\t\t\t\t\t<img decoding=\"async\" width=\"148\" height=\"133\" src=\"https:\/\/icf.com.ve\/web\/wp-content\/uploads\/2023\/11\/CCE.png\" class=\"attachment-large size-large wp-image-186\" alt=\"\" \/>\t\t\t\t\t\t\t\t\t\t\t\t\t\t\t<\/div>\n\t\t\t\t<\/div>\n\t\t\t\t\t<\/div>\n\t\t\t\t<\/div>\n\t\t\t\t<div class=\"elementor-element elementor-element-226c09f elementor-widget elementor-widget-text-editor\" data-id=\"226c09f\" data-element_type=\"widget\" data-widget_type=\"text-editor.default\">\n\t\t\t\t<div class=\"elementor-widget-container\">\n\t\t\t\t\t\t\t\t\t<p>La acreditaci\u00f3n de Educaci\u00f3n Cont\u00ednua en Coaching (CCE, por las siglas en ingl\u00e9s de Continuing Coach Education) est\u00e1 dirigida a organizaciones proveedoras de formaci\u00f3n que est\u00e1n interesadas en que sus programas de formaci\u00f3n sean acreditados por ICF.<\/p><p>Se consideran las horas de CCE como educaci\u00f3n suplementaria o avanzada para aquellos que desean adquirir nuevos conocimientos y\/o aquellos que est\u00e1n en proceso de renovar las credenciales otorgadas por ICF.<\/p><p>Las unidades de CCE son ganadas completando programas acreditados por ICF como CCE. Estas unidades CCE son reconocidas en dos categor\u00edas espec\u00edficas:<\/p><p><b>Competencias Centrales:<\/b> entrenamientos avanzados en coching que est\u00e1n dirigidos a expandir las competencias centrales declaradas por ICF.<\/p><p><b>Desarrollo de Recursos:<\/b> entrenamientos en habilidades que contribuyen al desarrollo profesional del coach (Ej: desarrollo personal, herramientas de coaching, desarrollo de negocios, y otras fuera de las competencias centrales de ICF).<\/p><p>Si usted solo provee formaci\u00f3n que califica como \u00abDesarrollo de Recursos\u00bb, usted no es elegible para el proceso de acreditaci\u00f3n de programas de formaci\u00f3n continua CCE. Usted no podr\u00e1 tener los mismos privilegios que una organizaci\u00f3n oficialmente acreditada como proveedor de programas CCE (Ej: permiso para usar el logo CCE y aparecer en la lista de \u00abServicio de Busqueda de Programas\u00bb de ICF). Sin embargo, usted podr\u00e1 otorgar las unidades CCE de \u00abDesarrollo de Recursos a trav\u00e9s de sus certificados o carta, cumpliendo ciertos requisitos de emisi\u00f3n.<\/p>\t\t\t\t\t\t\t\t<\/div>\n\t\t\t\t<\/div>\n\t\t\t\t\t<\/div>\n\t\t\t\t<\/div>\n\t\t\t\t<\/div>\n\t\t","protected":false},"excerpt":{"rendered":"<p>Acreditaci\u00f3n de Programas Programa Acreditado de Formaci\u00f3n en Coaching (ACTP) La acreditaci\u00f3n de un programa de formaci\u00f3n en coaching (ACTP por las siglas en ingl\u00e9s de \u00ab&#8216;Accredited Coaching Training Program&#8217;) est\u00e1 dirigida aorganizaciones proveedoras de formaci\u00f3n que estan interesados en que su programa de formaci\u00f3n est\u00e9 acreditado por la ICF. Los programas con acreditaci\u00f3n ACTP [&hellip;]<\/p>\n","protected":false},"author":1,"featured_media":0,"parent":0,"menu_order":0,"comment_status":"closed","ping_status":"closed","template":"","meta":{"site-sidebar-layout":"no-sidebar","site-content-layout":"","ast-site-content-layout":"full-width-container","site-content-style":"default","site-sidebar-style":"default","ast-global-header-display":"","ast-banner-title-visibility":"","ast-main-header-display":"","ast-hfb-above-header-display":"","ast-hfb-below-header-display":"","ast-hfb-mobile-header-display":"","site-post-title":"disabled","ast-breadcrumbs-content":"","ast-featured-img":"disabled","footer-sml-layout":"","theme-transparent-header-meta":"","adv-header-id-meta":"","stick-header-meta":"","header-above-stick-meta":"","header-main-stick-meta":"","header-below-stick-meta":"","astra-migrate-meta-layouts":"default","ast-page-background-enabled":"default","ast-page-background-meta":{"desktop":{"background-color":"var(--ast-global-color-4)","background-image":"","background-repeat":"repeat","background-position":"center center","background-size":"auto","background-attachment":"scroll","background-type":"","background-media":"","overlay-type":"","overlay-color":"","overlay-opacity":"","overlay-gradient":""},"tablet":{"background-color":"","background-image":"","background-repeat":"repeat","background-position":"center center","background-size":"auto","background-attachment":"scroll","background-type":"","background-media":"","overlay-type":"","overlay-color":"","overlay-opacity":"","overlay-gradient":""},"mobile":{"background-color":"","background-image":"","background-repeat":"repeat","background-position":"center center","background-size":"auto","background-attachment":"scroll","background-type":"","background-media":"","overlay-type":"","overlay-color":"","overlay-opacity":"","overlay-gradient":""}},"ast-content-background-meta":{"desktop":{"background-color":"var(--ast-global-color-5)","background-image":"","background-repeat":"repeat","background-position":"center center","background-size":"auto","background-attachment":"scroll","background-type":"","background-media":"","overlay-type":"","overlay-color":"","overlay-opacity":"","overlay-gradient":""},"tablet":{"background-color":"var(--ast-global-color-5)","background-image":"","background-repeat":"repeat","background-position":"center center","background-size":"auto","background-attachment":"scroll","background-type":"","background-media":"","overlay-type":"","overlay-color":"","overlay-opacity":"","overlay-gradient":""},"mobile":{"background-color":"var(--ast-global-color-5)","background-image":"","background-repeat":"repeat","background-position":"center center","background-size":"auto","background-attachment":"scroll","background-type":"","background-media":"","overlay-type":"","overlay-color":"","overlay-opacity":"","overlay-gradient":""}},"footnotes":""},"class_list":["post-179","page","type-page","status-publish","hentry"],"_links":{"self":[{"href":"http:\/\/icf.com.ve\/web\/wp-json\/wp\/v2\/pages\/179","targetHints":{"allow":["GET"]}}],"collection":[{"href":"http:\/\/icf.com.ve\/web\/wp-json\/wp\/v2\/pages"}],"about":[{"href":"http:\/\/icf.com.ve\/web\/wp-json\/wp\/v2\/types\/page"}],"author":[{"embeddable":true,"href":"http:\/\/icf.com.ve\/web\/wp-json\/wp\/v2\/users\/1"}],"replies":[{"embeddable":true,"href":"http:\/\/icf.com.ve\/web\/wp-json\/wp\/v2\/comments?post=179"}],"version-history":[{"count":7,"href":"http:\/\/icf.com.ve\/web\/wp-json\/wp\/v2\/pages\/179\/revisions"}],"predecessor-version":[{"id":189,"href":"http:\/\/icf.com.ve\/web\/wp-json\/wp\/v2\/pages\/179\/revisions\/189"}],"wp:attachment":[{"href":"http:\/\/icf.com.ve\/web\/wp-json\/wp\/v2\/media?parent=179"}],"curies":[{"name":"wp","href":"https:\/\/api.w.org\/{rel}","templated":true}]}}